
{"id":477,"date":"2014-11-13T23:13:22","date_gmt":"2014-11-13T23:13:22","guid":{"rendered":"http:\/\/sites.lifesci.ucla.edu\/eeb-sorklab\/?page_id=477"},"modified":"2017-07-03T12:34:32","modified_gmt":"2017-07-03T19:34:32","slug":"former-undergraduates-vistors-lab-personnel","status":"publish","type":"page","link":"https:\/\/sites.lifesci.ucla.edu\/eeb-sorklab\/people\/former-undergraduates-vistors-lab-personnel\/","title":{"rendered":"Former Undergraduates, Visitors, &amp; Lab Personnel"},"content":{"rendered":"<div style=\"width: 100%; padding: 0 10px 0 0; float: left;\">\n<hr \/>\n<\/div>\n<div style=\"width: 100%; padding: 0 10px 0 0; float: left;\"><b><span style=\"font-size: large;\"><span style=\"color: black;\"><u>Former Undergraduates<\/u><\/span><\/span><\/b><\/div>\n<div style=\"width: 12%; padding: 0 10px 0 0; float: left;\"><a href=\"https:\/\/sites.lifesci.ucla.edu\/eeb-sorklab\/wp-content\/uploads\/sites\/6\/2014\/11\/NoPhotoTree_1.jpg\" rel=\"attachment wp-att-941\"><img loading=\"lazy\" decoding=\"async\" class=\"alignleft size-full wp-image-941\" src=\"https:\/\/sites.lifesci.ucla.edu\/eeb-sorklab\/wp-content\/uploads\/sites\/6\/2014\/11\/NoPhotoTree_1.jpg\" alt=\"Processed with VSCOcam with b1 preset Processed with VSCOcam with m3 preset\" width=\"180\" height=\"240\" \/><\/a><\/div>\n<div style=\"width: 37%; padding: 0 10px 0 0; float: left;\"><span style=\"color: #357ec7;\"><b>Roky Coria<\/b><\/span><br \/>\n<span style=\"font-size: xx-small;\"><i>Email: rokycoria@ucla.edu<\/i><\/span><\/div>\n<div style=\"width: 12%; padding: 0 10px 0 0; float: left;\"><a href=\"https:\/\/sites.lifesci.ucla.edu\/eeb-sorklab\/wp-content\/uploads\/sites\/6\/2014\/11\/EricLevy_1.jpg\" rel=\"attachment wp-att-942\"><img loading=\"lazy\" decoding=\"async\" class=\"alignleft size-full wp-image-942\" src=\"https:\/\/sites.lifesci.ucla.edu\/eeb-sorklab\/wp-content\/uploads\/sites\/6\/2014\/11\/EricLevy_1.jpg\" alt=\"EricLevy_1\" width=\"180\" height=\"240\" \/><\/a><\/div>\n<div style=\"width: 33%; padding: 0 10px 0 0; float: left;\"><span style=\"color: #357ec7;\"><b>Eric Levy<\/b><\/span><br \/>\n<span style=\"font-size: xx-small;\">Research Scientist, Department of Bioinformatics and Systems Biology, University of California, San Diego.<br \/>\n<a href=\"\/\/sites.google.com\/site\/erlevysite\/\"><u>Website<\/u><\/a><span style=\"font-size: xx-small;\"><br \/>\n<i>Email: erlevy@ucla.edu<\/i><\/span><\/span><\/div>\n<div style=\"width: 100%; padding: 0 10px 0 0; float: left;\">\n<div style=\"width: 12%; padding: 0 10px 0 0; float: left;\"><a href=\"https:\/\/sites.lifesci.ucla.edu\/eeb-sorklab\/wp-content\/uploads\/sites\/6\/2014\/11\/AudreySalinas_1.jpg\" rel=\"attachment wp-att-943\"><img loading=\"lazy\" decoding=\"async\" class=\"alignleft size-full wp-image-943\" src=\"https:\/\/sites.lifesci.ucla.edu\/eeb-sorklab\/wp-content\/uploads\/sites\/6\/2014\/11\/AudreySalinas_1.jpg\" alt=\"AudreySalinas_1\" width=\"180\" height=\"240\" \/><\/a><\/div>\n<div style=\"width: 37%; padding: 0 10px 0 0; float: left;\"><span style=\"color: #357ec7;\"><b>Audrey Salinas<\/b><\/span><br \/>\n<span style=\"font-size: xx-small;\"><i>Email: asalinas18@ucla.edu<\/i><\/span><\/div>\n<div style=\"width: 12%; padding: 0 10px 0 0; float: left;\"><span style=\"color: #357ec7;\"><a href=\"https:\/\/sites.lifesci.ucla.edu\/eeb-sorklab\/wp-content\/uploads\/sites\/6\/2014\/11\/CarrieSmith_1.jpg\" rel=\"attachment wp-att-944\"><img loading=\"lazy\" decoding=\"async\" class=\"alignleft size-full wp-image-944\" src=\"https:\/\/sites.lifesci.ucla.edu\/eeb-sorklab\/wp-content\/uploads\/sites\/6\/2014\/11\/CarrieSmith_1.jpg\" alt=\"CarrieSmith_1\" width=\"180\" height=\"240\" \/><\/a><\/span><\/div>\n<div style=\"width: 33%; padding: 0 10px 0 0; float: left;\"><span style=\"color: #357ec7;\"><b>Carrie Smith<\/b><\/span><br \/>\n<span style=\"font-size: xx-small;\"><i>Email: csmith127@ucla.edu<\/i><\/span><\/div>\n<div style=\"width: 100%; padding: 0 10px 0 0; float: left;\">\n<div style=\"width: 12%; padding: 0 10px 0 0; float: left;\"><a href=\"https:\/\/sites.lifesci.ucla.edu\/eeb-sorklab\/wp-content\/uploads\/sites\/6\/2014\/11\/MikeSuiterSorkLab_1.jpg\" rel=\"attachment wp-att-957\"><img loading=\"lazy\" decoding=\"async\" class=\"alignleft size-full wp-image-957\" src=\"https:\/\/sites.lifesci.ucla.edu\/eeb-sorklab\/wp-content\/uploads\/sites\/6\/2014\/11\/MikeSuiterSorkLab_1.jpg\" alt=\"MikeSuiterSorkLab_1\" width=\"180\" height=\"240\" \/><\/a><\/div>\n<div style=\"width: 37%; padding: 0 10px 0 0; float: left;\"><span style=\"color: #357ec7;\"><b>Mike Suiter<\/b><\/span><br \/>\n<span style=\"font-size: xx-small;\"><i>Email: suitermike@gmail.com<\/i><\/span><\/div>\n<div style=\"width: 12%; padding: 0 10px 0 0; float: left;\"><\/div>\n<div style=\"width: 33%; padding: 0 10px 0 0; float: left;\"><\/div>\n<div style=\"width: 100%; padding: 0 10px 0 0; float: left;\">\n<div style=\"width: 100%; padding: 0 10px 0 0; float: left;\">\n<hr \/>\n<\/div>\n<div style=\"width: 100%; padding: 0 10px 0 0; float: left;\"><b><span style=\"font-size: large;\"><span style=\"color: black;\"><u>Former Visitors<\/u><\/span><\/span><\/b><\/div>\n<div style=\"width: 12%; padding: 0 10px 0 0; float: left;\"><a href=\"https:\/\/sites.lifesci.ucla.edu\/eeb-sorklab\/wp-content\/uploads\/sites\/6\/2014\/11\/NoPhotoTree_1.jpg\" rel=\"attachment wp-att-941\"><img loading=\"lazy\" decoding=\"async\" class=\"alignleft size-full wp-image-941\" src=\"https:\/\/sites.lifesci.ucla.edu\/eeb-sorklab\/wp-content\/uploads\/sites\/6\/2014\/11\/NoPhotoTree_1.jpg\" alt=\"Processed with VSCOcam with b1 preset Processed with VSCOcam with m3 preset\" width=\"180\" height=\"240\" \/><\/a><\/div>\n<div style=\"width: 37%; padding: 0 10px 0 0; float: left;\"><span style=\"color: #357ec7;\"><b>Jos\u00e9 Miguel Aparicio<\/b><\/span><br \/>\n<span style=\"font-size: xx-small;\">Senior Scientist, National Research Institute on Game Biology, Consejo Superior de Investigaciones Cient\u00edficas (CSIC), Ciudad Real, Spain<\/span><\/div>\n<div style=\"width: 12%; padding: 0 10px 0 0; float: left;\"><a href=\"https:\/\/sites.lifesci.ucla.edu\/eeb-sorklab\/wp-content\/uploads\/sites\/6\/2014\/11\/NoPhotoTree_1.jpg\" rel=\"attachment wp-att-941\"><img loading=\"lazy\" decoding=\"async\" class=\"alignleft size-full wp-image-941\" src=\"https:\/\/sites.lifesci.ucla.edu\/eeb-sorklab\/wp-content\/uploads\/sites\/6\/2014\/11\/NoPhotoTree_1.jpg\" alt=\"Processed with VSCOcam with b1 preset Processed with VSCOcam with m3 preset\" width=\"180\" height=\"240\" \/><\/a><\/div>\n<div style=\"width: 33%; padding: 0 10px 0 0; float: left;\"><span style=\"color: #357ec7;\"><b>Ra\u00fal Bonal<\/b><\/span><br \/>\n<span style=\"font-size: xx-small;\">Postdoctoral Researcher, National Research Institute on Game Biology, Consejo Superior de Investigaciones Cient\u00edficas (CSIC), Ciudad Real, Spain<\/span><\/div>\n<div style=\"width: 100%; padding: 0 10px 0 0; float: left;\">\n<div style=\"width: 12%; padding: 0 10px 0 0; float: left;\"><a href=\"https:\/\/sites.lifesci.ucla.edu\/eeb-sorklab\/wp-content\/uploads\/sites\/6\/2014\/11\/JosepEspelta_1.jpg\" rel=\"attachment wp-att-945\"><img loading=\"lazy\" decoding=\"async\" class=\"alignleft size-full wp-image-945\" src=\"https:\/\/sites.lifesci.ucla.edu\/eeb-sorklab\/wp-content\/uploads\/sites\/6\/2014\/11\/JosepEspelta_1.jpg\" alt=\"JosepEspelta_1\" width=\"180\" height=\"240\" \/><\/a><\/div>\n<div style=\"width: 37%; padding: 0 10px 0 0; float: left;\"><span style=\"color: #357ec7;\"><b>Josep Maria Espelta<\/b><\/span><br \/>\n<span style=\"font-size: xx-small;\">Senior Scientist, Center for Ecological Research and Forestry Applications (CREAF), Universitat Aut\u00f3noma de Barcelona, Catalonia, Spain<\/span><\/div>\n<div style=\"width: 12%; padding: 0 10px 0 0; float: left;\"><a href=\"https:\/\/sites.lifesci.ucla.edu\/eeb-sorklab\/wp-content\/uploads\/sites\/6\/2014\/11\/NoPhotoTree_1.jpg\" rel=\"attachment wp-att-941\"><img loading=\"lazy\" decoding=\"async\" class=\"alignleft size-full wp-image-941\" src=\"https:\/\/sites.lifesci.ucla.edu\/eeb-sorklab\/wp-content\/uploads\/sites\/6\/2014\/11\/NoPhotoTree_1.jpg\" alt=\"Processed with VSCOcam with b1 preset Processed with VSCOcam with m3 preset\" width=\"180\" height=\"240\" \/><\/a><\/div>\n<div style=\"width: 33%; padding: 0 10px 0 0; float: left;\"><span style=\"color: #357ec7;\"><b>Cristina Garcia<\/b><\/span><br \/>\n<span style=\"font-size: xx-small;\">Fulbright Postdoctoral Researcher, Department of Plant Biology, University of Georgia, USA<span style=\"font-size: xx-small;\"><br \/>\n<i>Email: cgarcia@plantio.uga.edu<\/i><\/span><\/span><\/div>\n<div style=\"width: 100%; padding: 0 10px 0 0; float: left;\">\n<div style=\"width: 12%; padding: 0 10px 0 0; float: left;\"><a href=\"https:\/\/sites.lifesci.ucla.edu\/eeb-sorklab\/wp-content\/uploads\/sites\/6\/2014\/11\/ArturoGonzalez_1.jpg\" rel=\"attachment wp-att-946\"><img loading=\"lazy\" decoding=\"async\" class=\"alignleft size-full wp-image-946\" src=\"https:\/\/sites.lifesci.ucla.edu\/eeb-sorklab\/wp-content\/uploads\/sites\/6\/2014\/11\/ArturoGonzalez_1.jpg\" alt=\"ArturoGonzalez_1\" width=\"180\" height=\"240\" \/><\/a><\/div>\n<div style=\"width: 37%; padding: 0 10px 0 0; float: left;\"><span style=\"color: #357ec7;\"><b>Arturo Gonz\u00e1lez Zamora<\/b><\/span><br \/>\n<span style=\"font-size: xx-small;\">Ph.D. student, Universidad Nacional Aut\u00f3noma de M\u00e9xico, Morelia, Michoac\u00e1n, M\u00e9xico<span style=\"font-size: xx-small;\"><br \/>\n<i>Email: arturo.gonzalez@posgrado.inecol.edu.mx<\/i><\/span><\/span><\/div>\n<div style=\"width: 12%; padding: 0 10px 0 0; float: left;\"><a href=\"https:\/\/sites.lifesci.ucla.edu\/eeb-sorklab\/wp-content\/uploads\/sites\/6\/2014\/11\/LuisaHerrera_1.jpg\" rel=\"attachment wp-att-947\"><img loading=\"lazy\" decoding=\"async\" class=\"alignleft size-full wp-image-947\" src=\"https:\/\/sites.lifesci.ucla.edu\/eeb-sorklab\/wp-content\/uploads\/sites\/6\/2014\/11\/LuisaHerrera_1.jpg\" alt=\"LuisaHerrera_1\" width=\"180\" height=\"240\" \/><\/a><\/div>\n<div style=\"width: 33%; padding: 0 10px 0 0; float: left;\"><span style=\"color: #357ec7;\"><b>Luisa Herrera<\/b><\/span><br \/>\n<span style=\"font-size: xx-small;\">Ph.D. student, Centro de Investigaciones en Ecosistemas (CIEco), Universidad Nacional Aut\u00f3noma de M\u00e9xico, Morelia, Michoac\u00e1n, M\u00e9xico<span style=\"font-size: xx-small;\"><br \/>\n<i>Email: luisa_biol@hotmail.com<\/i><\/span><\/span><\/div>\n<div style=\"width: 100%; padding: 0 10px 0 0; float: left;\">\n<div style=\"width: 12%; padding: 0 10px 0 0; float: left;\"><a href=\"https:\/\/sites.lifesci.ucla.edu\/eeb-sorklab\/wp-content\/uploads\/sites\/6\/2014\/11\/NoPhotoTree_1.jpg\" rel=\"attachment wp-att-941\"><img loading=\"lazy\" decoding=\"async\" class=\"alignleft size-full wp-image-941\" src=\"https:\/\/sites.lifesci.ucla.edu\/eeb-sorklab\/wp-content\/uploads\/sites\/6\/2014\/11\/NoPhotoTree_1.jpg\" alt=\"Processed with VSCOcam with b1 preset Processed with VSCOcam with m3 preset\" width=\"180\" height=\"240\" \/><\/a><\/div>\n<div style=\"width: 37%; padding: 0 10px 0 0; float: left;\"><span style=\"color: #357ec7;\"><b>Jesus Llanderal Mendoza<\/b><\/span><br \/>\n<span style=\"font-size: xx-small;\">Ph.D. student, Centro de Investigaciones en Ecosistemas (CIEco), Universidad Nacional Aut\u00f3noma de M\u00e9xico, Morelia, Michoac\u00e1n, M\u00e9xico<\/span><\/div>\n<div style=\"width: 12%; padding: 0 10px 0 0; float: left;\"><a href=\"https:\/\/sites.lifesci.ucla.edu\/eeb-sorklab\/wp-content\/uploads\/sites\/6\/2014\/11\/NoPhotoTree_1.jpg\" rel=\"attachment wp-att-941\"><img loading=\"lazy\" decoding=\"async\" class=\"alignleft size-full wp-image-941\" src=\"https:\/\/sites.lifesci.ucla.edu\/eeb-sorklab\/wp-content\/uploads\/sites\/6\/2014\/11\/NoPhotoTree_1.jpg\" alt=\"Processed with VSCOcam with b1 preset Processed with VSCOcam with m3 preset\" width=\"180\" height=\"240\" \/><\/a><\/div>\n<div style=\"width: 33%; padding: 0 10px 0 0; float: left;\"><span style=\"color: #357ec7;\"><b>Alberto Mu\u00f1oz<\/b><\/span><br \/>\n<span style=\"font-size: xx-small;\">Postdoctoral Researcher, Center for Ecological Research and Forestry Applications, Bellaterra, Catalonia, Spain<\/span><\/div>\n<div style=\"width: 100%; padding: 0 10px 0 0; float: left;\">\n<div style=\"width: 12%; padding: 0 10px 0 0; float: left;\"><a href=\"https:\/\/sites.lifesci.ucla.edu\/eeb-sorklab\/wp-content\/uploads\/sites\/6\/2014\/11\/MauricioQuesada_1.jpg\" rel=\"attachment wp-att-948\"><img loading=\"lazy\" decoding=\"async\" class=\"alignleft size-full wp-image-948\" src=\"https:\/\/sites.lifesci.ucla.edu\/eeb-sorklab\/wp-content\/uploads\/sites\/6\/2014\/11\/MauricioQuesada_1.jpg\" alt=\"MauricioQuesada_1\" width=\"180\" height=\"240\" \/><\/a><\/div>\n<div style=\"width: 37%; padding: 0 10px 0 0; float: left;\"><span style=\"color: #357ec7;\"><b>Mauricio Quesada<\/b><\/span><br \/>\n<span style=\"font-size: xx-small;\">Professor, Centro de Investigaciones en Ecosistemas (CIEco), Universidad Nacional Aut\u00f3noma de M\u00e9xico, Morelia, Michoac\u00e1n, M\u00e9xico<br \/>\n<a href=\"http:\/\/www.oikos.unam.mx\/prueba_menus\/Mquesada\/\"><u>Website<\/u><\/a><span style=\"font-size: xx-small;\"><br \/>\n<i>Email: mquesada@oikos.unam.mx<\/i><\/span><\/span><\/div>\n<div style=\"width: 12%; padding: 0 10px 0 0; float: left;\"><a href=\"https:\/\/sites.lifesci.ucla.edu\/eeb-sorklab\/wp-content\/uploads\/sites\/6\/2014\/11\/TessaRoorda_1.jpg\" rel=\"attachment wp-att-949\"><img loading=\"lazy\" decoding=\"async\" class=\"alignleft size-full wp-image-949\" src=\"https:\/\/sites.lifesci.ucla.edu\/eeb-sorklab\/wp-content\/uploads\/sites\/6\/2014\/11\/TessaRoorda_1.jpg\" alt=\"TessaRoorda_1\" width=\"180\" height=\"240\" \/><\/a><\/div>\n<div style=\"width: 33%; padding: 0 10px 0 0; float: left;\"><span style=\"color: #357ec7;\"><b>Tessa Roorda<\/b><\/span><br \/>\n<span style=\"font-size: xx-small;\">Ph.D. student, Department of Ecology and Evolutionary Biology, Tulane University, New Orleans, Louisiana, USA<span style=\"font-size: xx-small;\"><br \/>\n<i>Email: tessaroorda@yahoo.com.br<\/i><\/span><\/span><\/div>\n<div style=\"width: 100%; padding: 0 10px 0 0; float: left;\">\n<div style=\"width: 12%; padding: 0 10px 0 0; float: left;\"><a href=\"https:\/\/sites.lifesci.ucla.edu\/eeb-sorklab\/wp-content\/uploads\/sites\/6\/2014\/11\/BelenSanchezHumanes_1.jpg\" rel=\"attachment wp-att-950\"><img loading=\"lazy\" decoding=\"async\" class=\"alignleft size-full wp-image-950\" src=\"https:\/\/sites.lifesci.ucla.edu\/eeb-sorklab\/wp-content\/uploads\/sites\/6\/2014\/11\/BelenSanchezHumanes_1.jpg\" alt=\"BelenSanchezHumanes_1\" width=\"180\" height=\"240\" \/><\/a><\/div>\n<div style=\"width: 37%; padding: 0 10px 0 0; float: left;\"><span style=\"color: #357ec7;\"><b>Bel\u00e9n S\u00e1nchez Humanes<\/b><\/span><br \/>\n<span style=\"font-size: xx-small;\">Universidad Aut\u00f3noma de Barcelona, Spain<span style=\"font-size: xx-small;\"><br \/>\n<i>Email: belen.sanchez@creaf.uab.es<\/i><\/span><\/span><\/div>\n<div style=\"width: 12%; padding: 0 10px 0 0; float: left;\"><a href=\"https:\/\/sites.lifesci.ucla.edu\/eeb-sorklab\/wp-content\/uploads\/sites\/6\/2014\/11\/KathrynStoner_1.jpg\" rel=\"attachment wp-att-951\"><img loading=\"lazy\" decoding=\"async\" class=\"alignleft size-full wp-image-951\" src=\"https:\/\/sites.lifesci.ucla.edu\/eeb-sorklab\/wp-content\/uploads\/sites\/6\/2014\/11\/KathrynStoner_1.jpg\" alt=\"KathrynStoner_1\" width=\"180\" height=\"240\" \/><\/a><\/div>\n<div style=\"width: 33%; padding: 0 10px 0 0; float: left;\"><span style=\"color: #357ec7;\"><b>Kathryn Stoner<\/b><\/span><br \/>\n<span style=\"font-size: xx-small;\">Professor, Centro de Investigaciones en Ecosistemas (CIEco), Universidad Nacional Aut\u00f3noma de M\u00e9xico, Morelia, Michoac\u00e1n, M\u00e9xico<br \/>\n<i>Email: kstoner@oikos.unam.mx<\/i><\/span><\/div>\n<div style=\"width: 100%; padding: 0 10px 0 0; float: left;\">\n<div style=\"width: 12%; padding: 0 10px 0 0; float: left;\"><a href=\"https:\/\/sites.lifesci.ucla.edu\/eeb-sorklab\/wp-content\/uploads\/sites\/6\/2014\/11\/NoPhotoTree_1.jpg\" rel=\"attachment wp-att-941\"><img loading=\"lazy\" decoding=\"async\" class=\"alignleft size-full wp-image-941\" src=\"https:\/\/sites.lifesci.ucla.edu\/eeb-sorklab\/wp-content\/uploads\/sites\/6\/2014\/11\/NoPhotoTree_1.jpg\" alt=\"Processed with VSCOcam with b1 preset Processed with VSCOcam with m3 preset\" width=\"180\" height=\"240\" \/><\/a><\/div>\n<div style=\"width: 37%; padding: 0 10px 0 0; float: left;\"><span style=\"color: #357ec7;\"><b>Mar\u00eda Valbuena Caraba\u00f1a<\/b><\/span><br \/>\n<span style=\"font-size: xx-small;\">Escuela T\u00e9cnica Superior de Ingenieros de Montes, Universidad Polit\u00e9cnica de Madrid, Madrid, Spain<\/span><\/div>\n<div style=\"width: 12%; padding: 0 10px 0 0; float: left;\"><a href=\"https:\/\/sites.lifesci.ucla.edu\/eeb-sorklab\/wp-content\/uploads\/sites\/6\/2014\/11\/HongfangWang_1.jpg\" rel=\"attachment wp-att-952\"><img loading=\"lazy\" decoding=\"async\" class=\"alignleft size-full wp-image-952\" src=\"https:\/\/sites.lifesci.ucla.edu\/eeb-sorklab\/wp-content\/uploads\/sites\/6\/2014\/11\/HongfangWang_1.jpg\" alt=\"HongfangWang_1\" width=\"180\" height=\"240\" \/><\/a><\/div>\n<div style=\"width: 33%; padding: 0 10px 0 0; float: left;\"><span style=\"color: #357ec7;\"><b>Hongfang Wang<\/b><\/span><br \/>\n<span style=\"font-size: xx-small;\">Beijing Normal University, Beijing, China<span style=\"font-size: xx-small;\"><br \/>\n<i>Email: wanghf66@gmail.com<\/i><\/span><\/span><\/div>\n<div style=\"width: 100%; padding: 0 10px 0 0; float: left;\">\n<div style=\"width: 12%; padding: 0 10px 0 0; float: left;\"><a href=\"https:\/\/sites.lifesci.ucla.edu\/eeb-sorklab\/wp-content\/uploads\/sites\/6\/2014\/11\/ArturWanderley_1.jpg\" rel=\"attachment wp-att-956\"><img loading=\"lazy\" decoding=\"async\" class=\"alignleft size-full wp-image-956\" src=\"https:\/\/sites.lifesci.ucla.edu\/eeb-sorklab\/wp-content\/uploads\/sites\/6\/2014\/11\/ArturWanderley_1.jpg\" alt=\"ArturWanderley_1\" width=\"180\" height=\"240\" \/><\/a><\/div>\n<div style=\"width: 37%; padding: 0 10px 0 0; float: left;\"><span style=\"color: #357ec7;\"><b>Artur Maia Wanderley<\/b><\/span><br \/>\n<span style=\"font-size: xx-small;\">Postdoctoral Scholar, Universidade Federal de Pernambuco, Pernambuco, Brasil. Visited UCLA Summer 2014. Plant ecology with an emphasis on reproductive ecology and population genetics of plants rup\u00edcolas<br \/>\n<a href=\"http:\/\/buscatextual.cnpq.br\/buscatextual\/visualizacv.do?id=K4227270H1\"><u>Website<\/u><\/a><span style=\"font-size: xx-small;\"><br \/>\n<i>Email: artur_mw@hotmail.com<\/i><\/span><\/span><\/div>\n<div style=\"width: 12%; padding: 0 10px 0 0; float: left;\"><a href=\"https:\/\/sites.lifesci.ucla.edu\/eeb-sorklab\/wp-content\/uploads\/sites\/6\/2014\/10\/Jianli_1-1.jpg\" rel=\"attachment wp-att-912\"><img loading=\"lazy\" decoding=\"async\" class=\"alignleft size-full wp-image-912\" src=\"https:\/\/sites.lifesci.ucla.edu\/eeb-sorklab\/wp-content\/uploads\/sites\/6\/2014\/10\/Jianli_1-1.jpg\" alt=\"Jianli_1\" width=\"180\" height=\"240\" \/><\/a><\/div>\n<div style=\"width: 33%; padding: 0 10px 0 0; float: left;\"><span style=\"color: #357ec7;\"><b>Jianli Zhao<\/b><\/span><br \/>\n<span style=\"font-size: xx-small;\">Research Associate- China Evolution of alpine gingers, <i>Roscoea<\/i> and <i>Cautleya<\/i><span style=\"font-size: xx-small;\"><br \/>\n<i>Email: zjl@xtbg.ac.cn<\/i><\/span><\/span><\/div>\n<\/div>\n<div style=\"width: 12%; padding: 0 10px 0 0; float: left;\"><a href=\"https:\/\/sites.lifesci.ucla.edu\/eeb-sorklab\/wp-content\/uploads\/sites\/6\/2014\/10\/AlexJvR_1.jpg\" rel=\"attachment wp-att-912\"><img loading=\"lazy\" decoding=\"async\" class=\"alignnone wp-image-895 size-full\" src=\"https:\/\/sites.lifesci.ucla.edu\/eeb-sorklab\/wp-content\/uploads\/sites\/6\/2014\/10\/AlexJvR_1.jpg\" alt=\"\" width=\"180\" height=\"240\" \/><\/a><\/div>\n<div style=\"width: 33%; padding: 0 10px 0 0; float: left;\"><span style=\"color: #357ec7;\"><b>Alexandra Jansen van Rensburg<\/b><\/span><br \/>\n<span style=\"font-size: xx-small;\"><span style=\"font-size: xx-small;\">Ph.D &#8211; <a href=\"http:\/\/www.ieu.uzh.ch\/en\/staff\/phd\/vanrensburg.html\">Website<\/a><br \/>\n<i>Email: alexjvr@gmail.com<\/i><\/span><\/span><\/div>\n<\/div>\n<\/div>\n<div><\/div>\n<div style=\"width: 100%; padding: 0 10px 0 0; float: left;\">\n<div style=\"width: 100%; padding: 0 10px 0 0; float: left;\">\n<div style=\"width: 100%; padding: 0 10px 0 0; float: left;\">\n<div style=\"width: 100%; padding: 0 10px 0 0; float: left;\">\n<hr \/>\n<\/div>\n<div style=\"width: 100%; padding: 0 10px 0 0; float: left;\"><b><span style=\"font-size: large;\"><span style=\"color: black;\"><u>Former Lab Personnel<\/u><\/span><\/span><\/b><\/div>\n<div style=\"width: 100%; padding: 0 10px 0 0; float: left;\">\n<div style=\"width: 12%; padding: 0 10px 0 0; float: left;\"><a href=\"https:\/\/sites.lifesci.ucla.edu\/eeb-sorklab\/wp-content\/uploads\/sites\/6\/2014\/10\/krista_1.jpg\"><img loading=\"lazy\" decoding=\"async\" class=\"alignleft size-full wp-image-868\" src=\"https:\/\/sites.lifesci.ucla.edu\/eeb-sorklab\/wp-content\/uploads\/sites\/6\/2014\/10\/krista_1.jpg\" alt=\"Processed with VSCOcam with g3 preset\" width=\"180\" height=\"240\" \/><\/a><\/div>\n<div style=\"width: 37%; padding: 0 10px 0 0; float: left;\"><span style=\"color: #357ec7;\"><b>Krista Lee Beckley<\/b><\/span><br \/>\n<span style=\"font-size: xx-small;\">(Former Sork Lab Manager)<br \/>\nOn an adventure.<br \/>\n<i>Email: kristabeckley@gmail.com<\/i><\/span><\/div>\n<div style=\"width: 12%; padding: 0 10px 0 0; float: left;\"><a href=\"https:\/\/sites.lifesci.ucla.edu\/eeb-sorklab\/wp-content\/uploads\/sites\/6\/2014\/11\/EdithMartinez_1.jpg\" rel=\"attachment wp-att-954\"><img loading=\"lazy\" decoding=\"async\" class=\"alignleft size-full wp-image-954\" src=\"https:\/\/sites.lifesci.ucla.edu\/eeb-sorklab\/wp-content\/uploads\/sites\/6\/2014\/11\/EdithMartinez_1.jpg\" alt=\"EdithMartinez_1\" width=\"120\" height=\"160\" \/><\/a><\/div>\n<div style=\"width: 33%; padding: 0 10px 0 0; float: left;\"><span style=\"color: #357ec7;\"><b>Edith Martinez<\/b><\/span><br \/>\n<span style=\"font-size: xx-small;\">(former Sork Lab Manager)<br \/>\nWashington Fish &amp; Wildife, Olympia, Washington, USA<span style=\"font-size: xx-small;\"><br \/>\n<i>Email: martinezedith@gmail.com<\/i><\/span><\/span><\/div>\n<div style=\"width: 100%; padding: 0 10px 0 0; float: left;\">\n<div style=\"width: 12%; padding: 0 10px 0 0; float: left;\"><a href=\"https:\/\/sites.lifesci.ucla.edu\/eeb-sorklab\/wp-content\/uploads\/sites\/6\/2014\/11\/CharlesWinder_1.jpg\" rel=\"attachment wp-att-955\"><img loading=\"lazy\" decoding=\"async\" class=\"alignleft size-full wp-image-955\" src=\"https:\/\/sites.lifesci.ucla.edu\/eeb-sorklab\/wp-content\/uploads\/sites\/6\/2014\/11\/CharlesWinder_1.jpg\" alt=\"CharlesWinder_1\" width=\"180\" height=\"240\" \/><\/a><\/div>\n<div style=\"width: 37%; padding: 0 10px 0 0; float: left;\"><span style=\"color: #357ec7;\"><b>Charles Winder<\/b><\/span><br \/>\n<span style=\"font-size: xx-small;\">(former Sork Lab Technician)<br \/>\nLaboratory Instructor, Washington and Lee University, Lexington, Virginia, USA<span style=\"font-size: xx-small;\"><br \/>\n<i>Email: winderc@wlu.edu<\/i><\/span><\/span><\/div>\n<div style=\"width: 12%; padding: 0 10px 0 0; float: left;\"><a href=\"https:\/\/sites.lifesci.ucla.edu\/eeb-sorklab\/wp-content\/uploads\/sites\/6\/2014\/11\/KarenLundy_1.jpg\" rel=\"attachment wp-att-953\"><img loading=\"lazy\" decoding=\"async\" class=\"alignleft size-full wp-image-953\" src=\"https:\/\/sites.lifesci.ucla.edu\/eeb-sorklab\/wp-content\/uploads\/sites\/6\/2014\/11\/KarenLundy_1.jpg\" alt=\"KarenLundy_1\" width=\"180\" height=\"240\" \/><\/a><\/div>\n<div style=\"width: 33%; padding: 0 10px 0 0; float: left;\"><span style=\"color: #357ec7;\"><b>Karen Lundy<\/b><\/span><br \/>\n<span style=\"font-size: xx-small;\">(Former Sork Lab Manager)<br \/>\nLab Manager, University of California, Berkeley<br \/>\n<i>Email: karen.lundy@gmail.com<\/i><\/span><\/div>\n<\/div>\n<\/div>\n<\/div>\n<\/div>\n<\/div>\n<\/div>\n<\/div>\n<\/div>\n<\/div>\n<\/div>\n<\/div>\n<\/div>\n","protected":false},"excerpt":{"rendered":"<p>Former Undergraduates Roky Coria Email: rokycoria@ucla.edu Eric Levy Research Scientist, Department of Bioinformatics and Systems Biology, University of California, San Diego. Website Email: erlevy@ucla.edu Audrey Salinas Email: asalinas18@ucla.edu Carrie Smith Email: csmith127@ucla.edu Mike Suiter Email: suitermike@gmail.com Former Visitors Jos\u00e9 Miguel Aparicio Senior Scientist, National Research Institute on Game Biology, Consejo Superior de Investigaciones Cient\u00edficas (CSIC),<\/p>\n<p><a href=\"https:\/\/sites.lifesci.ucla.edu\/eeb-sorklab\/people\/former-undergraduates-vistors-lab-personnel\/\" class=\"more-link themebutton\">Read More<\/a><\/p>\n","protected":false},"author":15,"featured_media":0,"parent":32,"menu_order":0,"comment_status":"closed","ping_status":"closed","template":"","meta":{"footnotes":""},"class_list":["post-477","page","type-page","status-publish","hentry"],"_links":{"self":[{"href":"https:\/\/sites.lifesci.ucla.edu\/eeb-sorklab\/wp-json\/wp\/v2\/pages\/477","targetHints":{"allow":["GET"]}}],"collection":[{"href":"https:\/\/sites.lifesci.ucla.edu\/eeb-sorklab\/wp-json\/wp\/v2\/pages"}],"about":[{"href":"https:\/\/sites.lifesci.ucla.edu\/eeb-sorklab\/wp-json\/wp\/v2\/types\/page"}],"author":[{"embeddable":true,"href":"https:\/\/sites.lifesci.ucla.edu\/eeb-sorklab\/wp-json\/wp\/v2\/users\/15"}],"replies":[{"embeddable":true,"href":"https:\/\/sites.lifesci.ucla.edu\/eeb-sorklab\/wp-json\/wp\/v2\/comments?post=477"}],"version-history":[{"count":82,"href":"https:\/\/sites.lifesci.ucla.edu\/eeb-sorklab\/wp-json\/wp\/v2\/pages\/477\/revisions"}],"predecessor-version":[{"id":1065,"href":"https:\/\/sites.lifesci.ucla.edu\/eeb-sorklab\/wp-json\/wp\/v2\/pages\/477\/revisions\/1065"}],"up":[{"embeddable":true,"href":"https:\/\/sites.lifesci.ucla.edu\/eeb-sorklab\/wp-json\/wp\/v2\/pages\/32"}],"wp:attachment":[{"href":"https:\/\/sites.lifesci.ucla.edu\/eeb-sorklab\/wp-json\/wp\/v2\/media?parent=477"}],"curies":[{"name":"wp","href":"https:\/\/api.w.org\/{rel}","templated":true}]}}