
{"id":51,"date":"2014-10-17T22:07:14","date_gmt":"2014-10-17T22:07:14","guid":{"rendered":"http:\/\/sites.lifesci.ucla.edu\/eeb-sorklab\/?page_id=51"},"modified":"2019-06-04T09:13:42","modified_gmt":"2019-06-04T16:13:42","slug":"former-postdocs-graduate-students","status":"publish","type":"page","link":"https:\/\/sites.lifesci.ucla.edu\/eeb-sorklab\/people\/former-postdocs-graduate-students\/","title":{"rendered":"Former PostDocs &amp; Graduate Students"},"content":{"rendered":"<div style=\"width: 100%;padding: 0 10px 0 0;float: left\">\n<hr \/>\n<\/div>\n<div style=\"width: 100%;padding: 0 10px 0 0;float: left\"><b><span style=\"font-size: large\"><span style=\"color: black\"><u>Former Post-docs<\/u><\/span><\/span><\/b><\/div>\n<div style=\"width: 12%;padding: 0 10px 0 0;float: left\"><a href=\"https:\/\/sites.lifesci.ucla.edu\/eeb-sorklab\/wp-content\/uploads\/sites\/6\/2014\/10\/AnaAlbarran_1.jpg\" rel=\"attachment wp-att-911\"><img loading=\"lazy\" decoding=\"async\" class=\"alignleft size-full wp-image-911\" src=\"https:\/\/sites.lifesci.ucla.edu\/eeb-sorklab\/wp-content\/uploads\/sites\/6\/2014\/10\/AnaAlbarran_1.jpg\" alt=\"AnaAlbarran_1\" width=\"180\" height=\"240\" \/><\/a><\/div>\n<div style=\"width: 37%;padding: 0 10px 0 0;float: left\"><span style=\"color: #357ec7\"><b>Ana Albarran Lara<\/b><\/span><br \/>\n<span style=\"font-size: xx-small\">Postdoctoral Scholar- Adaptive genetic and phenotypic variation along elevational gradients in oaks<br \/>\n<i>Email: aalbarranl@ucla.edu<\/i><\/span><\/div>\n<div style=\"width: 12%;padding: 0 10px 0 0;float: left\"><a href=\"https:\/\/sites.lifesci.ucla.edu\/eeb-sorklab\/wp-content\/uploads\/sites\/6\/2014\/10\/JinmingChen_1.jpg\" rel=\"attachment wp-att-913\"><img loading=\"lazy\" decoding=\"async\" class=\"alignleft size-full wp-image-913\" src=\"https:\/\/sites.lifesci.ucla.edu\/eeb-sorklab\/wp-content\/uploads\/sites\/6\/2014\/10\/JinmingChen_1.jpg\" alt=\"JinmingChen_1\" width=\"180\" height=\"240\" \/><\/a><\/div>\n<div style=\"width: 33%;padding: 0 10px 0 0;float: left\"><span style=\"color: #357ec7\"><b>Jinming Chen<\/b><\/span><br \/>\n<span style=\"font-size: xx-small\">Research Scientist, Wuhan Botanical Garden, Chinese Academy of Sciences, Moshan, Wuhan, China<br \/>\n<a href=\"http:\/\/sourcedb.wbg.cas.cn\/yw\/rckyw\/200907\/t20090720_2708407.html\"><u>Website<\/u><\/a><span style=\"font-size: xx-small\"><br \/>\n<i>Email: jmchen@wbgcas.cn <\/i><\/span><\/span><\/div>\n<div style=\"width: 100%;padding: 0 10px 0 0;float: left\">\n<div style=\"width: 12%;padding: 0 10px 0 0;float: left\"><a href=\"https:\/\/sites.lifesci.ucla.edu\/eeb-sorklab\/wp-content\/uploads\/sites\/6\/2014\/10\/CyrilDutech_1.jpg\" rel=\"attachment wp-att-914\"><img loading=\"lazy\" decoding=\"async\" class=\"alignleft size-full wp-image-914\" src=\"https:\/\/sites.lifesci.ucla.edu\/eeb-sorklab\/wp-content\/uploads\/sites\/6\/2014\/10\/CyrilDutech_1.jpg\" alt=\"CyrilDutech_1\" width=\"180\" height=\"240\" \/><\/a><\/div>\n<div style=\"width: 37%;padding: 0 10px 0 0;float: left\"><span style=\"color: #357ec7\"><b>Cyril Dutech<\/b><\/span><span style=\"font-size: xx-small\"><br \/>\nResearch Scientist, Forest Pathology Lab, UMR BioGeCo, INRA, Bordeaux, France<br \/>\n<a href=\"http:\/\/www6.bordeaux-aquitaine.inra.fr\/biogeco\"><u>Website<\/u><\/a><br \/>\n<i>Email: cyril.dutech@pierroton.inra.fr<\/i><\/span><\/div>\n<div style=\"width: 12%;padding: 0 10px 0 0;float: left\"><a href=\"https:\/\/sites.lifesci.ucla.edu\/eeb-sorklab\/wp-content\/uploads\/sites\/6\/2014\/10\/DelphineGrivet_1.jpg\" rel=\"attachment wp-att-916\"><img loading=\"lazy\" decoding=\"async\" class=\"alignleft size-full wp-image-916\" src=\"https:\/\/sites.lifesci.ucla.edu\/eeb-sorklab\/wp-content\/uploads\/sites\/6\/2014\/10\/DelphineGrivet_1.jpg\" alt=\"DelphineGrivet_1\" width=\"180\" height=\"240\" \/><\/a><\/div>\n<div style=\"width: 33%;padding: 0 10px 0 0;float: left\"><span style=\"color: #357ec7\"><b>Delphine Grivet<\/b><\/span><br \/>\n<span style=\"font-size: xx-small\">Ramon y Cajal Research Fellow, Department of Ecology and Forest Genetics, Center of Forest Research, CIFOR-INIA, Madrid, Spain<br \/>\n<a href=\"https:\/\/sites.google.com\/site\/delphinegrivet\/\"><u>Website<\/u><\/a><span style=\"font-size: xx-small\"><br \/>\n<i>Email: dgrivet@inia.es<\/i><\/span><\/span><\/div>\n<div style=\"width: 100%;padding: 0 10px 0 0;float: left\"><\/div>\n<div style=\"width: 12%;padding: 0 10px 0 0;float: left\"><a href=\"https:\/\/sites.lifesci.ucla.edu\/eeb-sorklab\/wp-content\/uploads\/sites\/6\/2014\/10\/PaulGugger_1-1.jpg\" rel=\"attachment wp-att-968\"><img loading=\"lazy\" decoding=\"async\" class=\"alignleft size-full wp-image-968\" src=\"https:\/\/sites.lifesci.ucla.edu\/eeb-sorklab\/wp-content\/uploads\/sites\/6\/2014\/10\/PaulGugger_1-1.jpg\" alt=\"PaulGugger_1\" width=\"179\" height=\"240\" \/><\/a><\/div>\n<div style=\"width: 37%;padding: 0 10px 0 0;float: left\"><span style=\"color: #357ec7\"><b>Paul Gugger<\/b><\/span><br \/>\n<span style=\"font-size: xx-small\">University of Maryland<br \/>\nAssistant Professor-Center for Environmental Science, Appalachian Laboratory<br \/>\n<a href=\"http:\/\/pgugger.al.umces.edu\/\"><u>Website<\/u><\/a><span style=\"font-size: xx-small\"><br \/>\n<i>Email: pgugger@al.umces.edu<\/i><\/span><\/span><\/div>\n<div style=\"width: 12%;padding: 0 10px 0 0;float: left\"><a href=\"https:\/\/sites.lifesci.ucla.edu\/eeb-sorklab\/wp-content\/uploads\/sites\/6\/2014\/10\/JoaquinOrtego_1.jpg\" rel=\"attachment wp-att-917\"><img loading=\"lazy\" decoding=\"async\" class=\"alignleft size-full wp-image-917\" src=\"https:\/\/sites.lifesci.ucla.edu\/eeb-sorklab\/wp-content\/uploads\/sites\/6\/2014\/10\/JoaquinOrtego_1.jpg\" alt=\"JoaquinOrtego_1\" width=\"180\" height=\"240\" \/><\/a><\/div>\n<div style=\"width: 33%;padding: 0 10px 0 0;float: left\"><span style=\"color: #357ec7\"><b>Joaquin Ortego<\/b><\/span><span style=\"font-size: xx-small\"><br \/>\nJuan de la Cierva Postdoctoral Fellow, Instituto de Investigaci\u00f3n en Recursos Cinerg\u00e9ticos, Ciudad Real, Spain<br \/>\n<a href=\"https:\/\/sites.google.com\/site\/joaquinortegolozano\/\"><u>Website<\/u><\/a><br \/>\n<i>Email: joaquin.ortego@mncn.csic.es<\/i><\/span><\/div>\n<div style=\"width: 100%;padding: 0 10px 0 0;float: left\">\n<div style=\"width: 12%;padding: 0 10px 0 0;float: left\"><a href=\"https:\/\/sites.lifesci.ucla.edu\/eeb-sorklab\/wp-content\/uploads\/sites\/6\/2014\/10\/JuanPenaloza_1.jpg\" rel=\"attachment wp-att-918\"><img loading=\"lazy\" decoding=\"async\" class=\"alignleft size-full wp-image-918\" src=\"https:\/\/sites.lifesci.ucla.edu\/eeb-sorklab\/wp-content\/uploads\/sites\/6\/2014\/10\/JuanPenaloza_1.jpg\" alt=\"JuanPenaloza_1\" width=\"457\" height=\"610\" srcset=\"https:\/\/sites.lifesci.ucla.edu\/eeb-sorklab\/wp-content\/uploads\/sites\/6\/2014\/10\/JuanPenaloza_1.jpg 457w, https:\/\/sites.lifesci.ucla.edu\/eeb-sorklab\/wp-content\/uploads\/sites\/6\/2014\/10\/JuanPenaloza_1-225x300.jpg 225w\" sizes=\"auto, (max-width: 457px) 100vw, 457px\" \/><\/a><\/div>\n<div style=\"width: 37%;padding: 0 10px 0 0;float: left\"><span style=\"color: #357ec7\"><b>Juan Manuel Penaloza Ramirez<\/b><\/span><br \/>\n<span style=\"font-size: xx-small\">Postdoctoral Scholar- Transcriptomic response to water stress in valley oak<br \/>\n<span style=\"font-size: xx-small\"><i>Email: juan1610@ucla.edu<\/i><\/span><\/span><\/div>\n<div style=\"width: 12%;padding: 0 10px 0 0;float: left\"><a href=\"https:\/\/sites.lifesci.ucla.edu\/eeb-sorklab\/wp-content\/uploads\/sites\/6\/2014\/10\/AlexPlatt_1.jpg\" rel=\"attachment wp-att-919\"><img loading=\"lazy\" decoding=\"async\" class=\"alignleft size-full wp-image-919\" src=\"https:\/\/sites.lifesci.ucla.edu\/eeb-sorklab\/wp-content\/uploads\/sites\/6\/2014\/10\/AlexPlatt_1.jpg\" alt=\"AlexPlatt_1\" width=\"180\" height=\"240\" \/><\/a><\/div>\n<div style=\"width: 33%;padding: 0 10px 0 0;float: left\"><span style=\"color: #357ec7\"><b>Alexander Platt<\/b><\/span><span style=\"font-size: xx-small\"><br \/>\nResearch Associate<br \/>\n<a href=\"http:\/\/www.alexanderplatt.org\/\"><u>Website<\/u><\/a><br \/>\n<i>Email: alex@alexanderplatt.org<\/i><\/span><\/div>\n<div style=\"width: 100%;padding: 0 10px 0 0;float: left\">\n<div style=\"width: 12%;padding: 0 10px 0 0;float: left\"><a href=\"https:\/\/sites.lifesci.ucla.edu\/eeb-sorklab\/wp-content\/uploads\/sites\/6\/2014\/10\/AndreaPluess_1.jpg\" rel=\"attachment wp-att-920\"><img loading=\"lazy\" decoding=\"async\" class=\"alignleft size-full wp-image-920\" src=\"https:\/\/sites.lifesci.ucla.edu\/eeb-sorklab\/wp-content\/uploads\/sites\/6\/2014\/10\/AndreaPluess_1.jpg\" alt=\"AndreaPluess_1\" width=\"180\" height=\"240\" \/><\/a><\/div>\n<div style=\"width: 37%;padding: 0 10px 0 0;float: left\"><span style=\"color: #357ec7\"><b>Andrea Pluess<\/b><\/span><br \/>\n<span style=\"font-size: xx-small\">Senior Scientist and Lecturer, Institute of Terrestrial Ecosystems, Dept. Environmental Sciences, Federal Institute of Technology Zurich (ETH), Switzerland<br \/>\n<a href=\"http:\/\/www.ecology.ethz.ch\/people\/obass\/anpluess\"><u>Website<\/u><\/a><span style=\"font-size: xx-small\"><br \/>\n<i>Email: andrea.pluess@env.ethz.ch<\/i><\/span><\/span><\/div>\n<div style=\"width: 12%;padding: 0 10px 0 0;float: left\"><a href=\"https:\/\/sites.lifesci.ucla.edu\/eeb-sorklab\/wp-content\/uploads\/sites\/6\/2014\/10\/FernandoRosas_1.jpg\" rel=\"attachment wp-att-924\"><img loading=\"lazy\" decoding=\"async\" class=\"alignleft size-full wp-image-924\" src=\"https:\/\/sites.lifesci.ucla.edu\/eeb-sorklab\/wp-content\/uploads\/sites\/6\/2014\/10\/FernandoRosas_1.jpg\" alt=\"FernandoRosas_1\" width=\"180\" height=\"240\" \/><\/a><\/div>\n<div style=\"width: 33%;padding: 0 10px 0 0;float: left\"><span style=\"color: #357ec7\"><b>Fernando Rosas<\/b><\/span><span style=\"font-size: xx-small\"><br \/>\nPostdoc, Centro de Investigaciones en Ecosistemas (CIEco), Universidad Nacional Aut\u00f3noma de M\u00e9xico, Morelia, Michoac\u00e1n, M\u00e9xico<br \/>\n<a href=\"https:\/\/sites.google.com\/site\/frosasresearchpage\/\"><u>Website<\/u><\/a><br \/>\n<i>Email: frosas@oikos.unam.mx<\/i><\/span><\/div>\n<div style=\"width: 100%;padding: 0 10px 0 0;float: left\">\n<div style=\"width: 12%;padding: 0 10px 0 0;float: left\"><a href=\"https:\/\/sites.lifesci.ucla.edu\/eeb-sorklab\/wp-content\/uploads\/sites\/6\/2014\/10\/DouglasScofield_1.jpg\" rel=\"attachment wp-att-921\"><img loading=\"lazy\" decoding=\"async\" class=\"alignleft size-full wp-image-921\" src=\"https:\/\/sites.lifesci.ucla.edu\/eeb-sorklab\/wp-content\/uploads\/sites\/6\/2014\/10\/DouglasScofield_1.jpg\" alt=\"DouglasScofield_1\" width=\"180\" height=\"240\" \/><\/a><\/div>\n<div style=\"width: 37%;padding: 0 10px 0 0;float: left\"><span style=\"color: #357ec7\"><b>Douglas Scofield<\/b><\/span><br \/>\n<span style=\"font-size: xx-small\">Principal Research Engineer, Ume\u00e5 Plant Science Centre, Ume\u00e5 University, Ume\u00e5, Sweden<br \/>\n<a href=\"https:\/\/sites.google.com\/site\/douglasgscofield\/\"><u>Website<\/u><\/a><span style=\"font-size: xx-small\"><br \/>\n<i>Email: douglasgscofield@gmail.com<\/i><\/span><\/span><\/div>\n<div style=\"width: 12%;padding: 0 10px 0 0;float: left\"><a href=\"https:\/\/sites.lifesci.ucla.edu\/eeb-sorklab\/wp-content\/uploads\/sites\/6\/2014\/10\/SilkeWerth_1.jpg\" rel=\"attachment wp-att-922\"><img loading=\"lazy\" decoding=\"async\" class=\"alignleft size-full wp-image-922\" src=\"https:\/\/sites.lifesci.ucla.edu\/eeb-sorklab\/wp-content\/uploads\/sites\/6\/2014\/10\/SilkeWerth_1.jpg\" alt=\"SilkeWerth_1\" width=\"180\" height=\"240\" \/><\/a><\/div>\n<div style=\"width: 33%;padding: 0 10px 0 0;float: left\"><span style=\"color: #357ec7\"><b>Silke Werth<\/b><\/span><span style=\"font-size: xx-small\"><br \/>\nPostdoc, Biodiversity and Conservation Biology, Swiss Federal Research Institute WSL, Switzerland<br \/>\n<a href=\"http:\/\/botanik.uni-graz.at\/de\/mitarbeiterinnen\/personal\/\"><u>Website<\/u><\/a><br \/>\n<i>Email: silke.werth@uni-graz.at<\/i><\/span><\/div>\n<div style=\"width: 100%;padding: 0 10px 0 0;float: left\">\n<div style=\"width: 12%;padding: 0 10px 0 0;float: left\"><a href=\"https:\/\/sites.lifesci.ucla.edu\/eeb-sorklab\/wp-content\/uploads\/sites\/6\/2014\/10\/leaf_for_website-1.jpg\"><img loading=\"lazy\" decoding=\"async\" class=\"alignleft size-full wp-image-998\" src=\"https:\/\/sites.lifesci.ucla.edu\/eeb-sorklab\/wp-content\/uploads\/sites\/6\/2014\/10\/leaf_for_website-1.jpg\" alt=\"leaf_for_website\" width=\"1800\" height=\"2400\" srcset=\"https:\/\/sites.lifesci.ucla.edu\/eeb-sorklab\/wp-content\/uploads\/sites\/6\/2014\/10\/leaf_for_website-1.jpg 1800w, https:\/\/sites.lifesci.ucla.edu\/eeb-sorklab\/wp-content\/uploads\/sites\/6\/2014\/10\/leaf_for_website-1-225x300.jpg 225w, https:\/\/sites.lifesci.ucla.edu\/eeb-sorklab\/wp-content\/uploads\/sites\/6\/2014\/10\/leaf_for_website-1-768x1024.jpg 768w\" sizes=\"auto, (max-width: 1800px) 100vw, 1800px\" \/><\/a><\/div>\n<div style=\"width: 37%;padding: 0 10px 0 0;float: left\"><span style=\"color: #357ec7\"><b>Dylan Burge<\/b><\/span><br \/>\n<span style=\"font-size: xx-small\">Post Doc<\/span><\/div>\n<\/div>\n<div style=\"width: 100%;padding: 0 10px 0 0;float: left\"><b><span style=\"font-size: large\"><span style=\"color: black\"><u>Former Graduate Students<\/u><\/span><\/span><\/b><\/div>\n<div style=\"width: 100%;padding: 0 10px 0 0;float: left\"><\/div>\n<div style=\"width: 12%;padding: 0 10px 0 0;float: left\"><a href=\"https:\/\/sites.lifesci.ucla.edu\/eeb-sorklab\/wp-content\/uploads\/sites\/6\/2014\/10\/RodneyDyer_1.jpg\" rel=\"attachment wp-att-923\"><img loading=\"lazy\" decoding=\"async\" class=\"alignleft size-full wp-image-923\" src=\"https:\/\/sites.lifesci.ucla.edu\/eeb-sorklab\/wp-content\/uploads\/sites\/6\/2014\/10\/RodneyDyer_1.jpg\" alt=\"RodneyDyer_1\" width=\"180\" height=\"240\" \/><\/a><\/div>\n<div style=\"width: 37%;padding: 0 10px 0 0;float: left\"><span style=\"color: #357ec7\"><b>Rodney Dyer<\/b><\/span><span style=\"font-size: xx-small\"><br \/>\nAssociate Professor, Department of Biology, Virginia Commonwealth University<a href=\"http:\/\/dyerlab.bio.vcu.edu\/\"><br \/>\n<u>Website<\/u><\/a><i><br \/>\nEmail: rjdyer@vcu.edu<\/i><\/span><\/div>\n<div style=\"width: 12%;padding: 0 10px 0 0;float: left\"><a href=\"https:\/\/sites.lifesci.ucla.edu\/eeb-sorklab\/wp-content\/uploads\/sites\/6\/2014\/10\/juanfernando_1.jpg\" rel=\"attachment wp-att-925\"><img loading=\"lazy\" decoding=\"async\" class=\"alignleft size-full wp-image-925\" src=\"https:\/\/sites.lifesci.ucla.edu\/eeb-sorklab\/wp-content\/uploads\/sites\/6\/2014\/10\/juanfernando_1.jpg\" alt=\"juanfernando_1\" width=\"180\" height=\"240\" \/><\/a><\/div>\n<div style=\"width: 33%;padding: 0 10px 0 0;float: left\"><span style=\"color: #357ec7\"><b>Juan Fernandez-Manjarr\u00e9s<\/b><\/span><br \/>\n<span style=\"font-size: xx-small\">Universit\u00e9 Paris Sud XI, Orsay<a href=\"http:\/\/www.ese.u-psud.fr\/article230.html?lang=en\"><u><br \/>\nWebsite<\/u><\/a><span style=\"font-size: xx-small\"><br \/>\n<i>Email: juan.fernandez@ese.u-psud.fr<\/i><\/span><\/span><\/div>\n<div style=\"width: 100%;padding: 0 10px 0 0;float: left\"><\/div>\n<div style=\"width: 12%;padding: 0 10px 0 0;float: left\"><a href=\"https:\/\/sites.lifesci.ucla.edu\/eeb-sorklab\/wp-content\/uploads\/sites\/6\/2014\/10\/KeithGaddis_1.jpg\" rel=\"attachment wp-att-926\"><img loading=\"lazy\" decoding=\"async\" class=\"alignleft size-full wp-image-926\" src=\"https:\/\/sites.lifesci.ucla.edu\/eeb-sorklab\/wp-content\/uploads\/sites\/6\/2014\/10\/KeithGaddis_1.jpg\" alt=\"KeithGaddis_1\" width=\"180\" height=\"240\" \/><\/a><\/div>\n<div style=\"width: 37%;padding: 0 10px 0 0;float: left\"><span style=\"color: #357ec7\"><b>Keith Gaddis<\/b><\/span><span style=\"font-size: xx-small\"><br \/>\nVisiting assistant professor at Texas A&amp;M University<a href=\"https:\/\/sites.google.com\/site\/gaddisresearch\/home\"><br \/>\n<u>Website<\/u><\/a><br \/>\n<i>Email: keithgaddis@tamu.edu<\/i><\/span><\/div>\n<div style=\"width: 12%;padding: 0 10px 0 0;float: left\"><a href=\"https:\/\/sites.lifesci.ucla.edu\/eeb-sorklab\/wp-content\/uploads\/sites\/6\/2014\/10\/Pamela_1_correct.jpg\" rel=\"attachment wp-att-927\"><img loading=\"lazy\" decoding=\"async\" class=\"alignleft size-full wp-image-927\" src=\"https:\/\/sites.lifesci.ucla.edu\/eeb-sorklab\/wp-content\/uploads\/sites\/6\/2014\/10\/Pamela_1_correct.jpg\" alt=\"Pamela_1_correct\" width=\"180\" height=\"240\" \/><\/a><\/div>\n<div style=\"width: 33%;padding: 0 10px 0 0;float: left\"><span style=\"color: #357ec7\"><b>Pamela Thompson<\/b><\/span><br \/>\n<span style=\"font-size: xx-small\">Postdoctoral Scholar at Portland State University, OR- Cruzan Lab<br \/>\nPhD: Effects of forest fragmentation on gene flow in a bat-pollinated tree species. Current: Landscape genetics of seed dispersal in Pacific Northwest prairie plants<a href=\"http:\/\/pamthompson.weebly.com\/\"><br \/>\n<u>Website<\/u><\/a><br \/>\n<i>Email: thompson@pdx.edu<\/i><\/span><\/div>\n<div style=\"width: 100%;padding: 0 10px 0 0;float: left\"><\/div>\n<div style=\"width: 12%;padding: 0 10px 0 0;float: left\"><a href=\"https:\/\/sites.lifesci.ucla.edu\/eeb-sorklab\/wp-content\/uploads\/sites\/6\/2014\/10\/StephanieSteele_11.jpg\" rel=\"attachment wp-att-927\"><img loading=\"lazy\" decoding=\"async\" class=\"alignnone wp-image-864 size-medium\" src=\"https:\/\/sites.lifesci.ucla.edu\/eeb-sorklab\/wp-content\/uploads\/sites\/6\/2014\/10\/StephanieSteele_11-224x300.jpg\" alt=\"\" width=\"224\" height=\"300\" srcset=\"https:\/\/sites.lifesci.ucla.edu\/eeb-sorklab\/wp-content\/uploads\/sites\/6\/2014\/10\/StephanieSteele_11-224x300.jpg 224w, https:\/\/sites.lifesci.ucla.edu\/eeb-sorklab\/wp-content\/uploads\/sites\/6\/2014\/10\/StephanieSteele_11-765x1024.jpg 765w, https:\/\/sites.lifesci.ucla.edu\/eeb-sorklab\/wp-content\/uploads\/sites\/6\/2014\/10\/StephanieSteele_11.jpg 1793w\" sizes=\"auto, (max-width: 224px) 100vw, 224px\" \/><\/a><\/div>\n<div style=\"width: 33%;padding: 0 10px 0 0;float: left\"><span style=\"color: #357ec7\"><b>Stephanie Steele<\/b><\/span><span style=\"font-size: xx-small\"><br \/>\nPhD: Seed dispersal; genetic basis of seedling survival in California and the tropics<br \/>\n<span style=\"font-size: xx-small\"><i>Email: sesteele@ucla.edu<\/i><\/span><\/span><\/div>\n<hr \/>\n<\/div>\n<\/div>\n<\/div>\n<\/div>\n","protected":false},"excerpt":{"rendered":"<p>Former Post-docs Ana Albarran Lara Postdoctoral Scholar- Adaptive genetic and phenotypic variation along elevational gradients in oaks Email: aalbarranl@ucla.edu Jinming Chen Research Scientist, Wuhan Botanical Garden, Chinese Academy of Sciences, Moshan, Wuhan, China Website Email: jmchen@wbgcas.cn Cyril Dutech Research Scientist, Forest Pathology Lab, UMR BioGeCo, INRA, Bordeaux, France Website Email: cyril.dutech@pierroton.inra.fr Delphine Grivet Ramon y<\/p>\n<p><a href=\"https:\/\/sites.lifesci.ucla.edu\/eeb-sorklab\/people\/former-postdocs-graduate-students\/\" class=\"more-link themebutton\">Read More<\/a><\/p>\n","protected":false},"author":15,"featured_media":0,"parent":32,"menu_order":8,"comment_status":"closed","ping_status":"closed","template":"","meta":{"footnotes":""},"class_list":["post-51","page","type-page","status-publish","hentry"],"_links":{"self":[{"href":"https:\/\/sites.lifesci.ucla.edu\/eeb-sorklab\/wp-json\/wp\/v2\/pages\/51","targetHints":{"allow":["GET"]}}],"collection":[{"href":"https:\/\/sites.lifesci.ucla.edu\/eeb-sorklab\/wp-json\/wp\/v2\/pages"}],"about":[{"href":"https:\/\/sites.lifesci.ucla.edu\/eeb-sorklab\/wp-json\/wp\/v2\/types\/page"}],"author":[{"embeddable":true,"href":"https:\/\/sites.lifesci.ucla.edu\/eeb-sorklab\/wp-json\/wp\/v2\/users\/15"}],"replies":[{"embeddable":true,"href":"https:\/\/sites.lifesci.ucla.edu\/eeb-sorklab\/wp-json\/wp\/v2\/comments?post=51"}],"version-history":[{"count":86,"href":"https:\/\/sites.lifesci.ucla.edu\/eeb-sorklab\/wp-json\/wp\/v2\/pages\/51\/revisions"}],"predecessor-version":[{"id":1378,"href":"https:\/\/sites.lifesci.ucla.edu\/eeb-sorklab\/wp-json\/wp\/v2\/pages\/51\/revisions\/1378"}],"up":[{"embeddable":true,"href":"https:\/\/sites.lifesci.ucla.edu\/eeb-sorklab\/wp-json\/wp\/v2\/pages\/32"}],"wp:attachment":[{"href":"https:\/\/sites.lifesci.ucla.edu\/eeb-sorklab\/wp-json\/wp\/v2\/media?parent=51"}],"curies":[{"name":"wp","href":"https:\/\/api.w.org\/{rel}","templated":true}]}}